{"id":382,"date":"2021-12-01T11:44:44","date_gmt":"2021-12-01T11:44:44","guid":{"rendered":"http:\/\/217.91.10.2\/wordpress\/?page_id=382"},"modified":"2022-07-26T08:04:34","modified_gmt":"2022-07-26T08:04:34","slug":"legal-information-data-protection","status":"publish","type":"page","link":"http:\/\/217.91.10.2\/wordpress\/en\/legal-information-data-protection\/","title":{"rendered":"Legal Information &#038; Data Protection"},"content":{"rendered":"<p><strong>Legal information<\/strong><\/p>\n<p>According to \u00a7 5 TMG<\/p>\n<p>exTerra Arch\u00e4ologie Happe &amp; Gla\u00df GbR<br \/>\nN\u00fcrnberger Str. 25<br \/>\n90762 F\u00fcrth<\/p>\n<p>Represented by<br \/>\nJohannes Happe<\/p>\n<p>Contact<br \/>\nTelephone: 015752601424<br \/>\nE-Mail: <a href=\"mailto:happe@exterra.by\">happe@exterra.by<\/a><\/p>\n<p>Tax ID<br \/>\nSales tax identification number according to \u00a727 a sales tax law:<br \/>\nDE341815734<\/p>\n<p>Information on professional liability insurance<br \/>\nName and registered office of the insurer:<br \/>\nAllianz Versicherungs AG<br \/>\nK\u00f6niginstra\u00dfe 28<br \/>\n80802 M\u00fcnchen<br \/>\nArea of validity of the insurance:<br \/>\nGermany<\/p>\n<p>We are neither willing nor obliged to participate in dispute settlement proceedings before a consumer arbitration board.<\/p>\n<p><strong>Liability for content<\/strong><\/p>\n<p>As a service provider, we are responsible for our own content on these pages in accordance with general law and \u00a7 7 Abs.1 of the German Telemedia Act (TMG). According to \u00a7\u00a7 8 to 10 TMG, as a service provider, we are not obliged to monitor transmitted or stored third-party information or to investigate circumstances that indicate illegal activity.<\/p>\n<p>Obligations to remove or block the use of information according to general laws remain unaffected. However, liability in this regard is only possible from the point in time at which we become aware of a specific legal violation. As soon as we become aware of such legal violations, we will remove this content immediately.<\/p>\n<p><strong>Liability for links<\/strong><\/p>\n<p>Our content contains links to external third-party websites over whose content we have no influence. Therefore, we cannot accept any liability for this third-party content. The respective provider or operator of the pages is always responsible for the content of the linked pages. The linked pages were checked for possible legal violations at the time they were linked. No illegal content was found at the time the links were created.<\/p>\n<p>A permanent control of the content of the linked pages is not reasonable without concrete evidence of a violation of the law. As soon as we become aware of legal violations, we will remove such links immediately.<\/p>\n<p><strong>Copyright<\/strong><\/p>\n<p>The content on these pages created by the website operator is subject to German copyright law. The duplication, processing, distribution and any kind of exploitation outside the limits of copyright law require the written consent of the respective author or creator.<\/p>\n<p>Downloads and copies of this website are only permitted for private, non-commercial use. In cases where the content on this site was not created by the operator, the copyright of third parties is observed. Content of third parties is marked as such. Should you nevertheless become aware of a copyright infringement, we ask you to notify us accordingly. If we become aware of legal violations, we will remove such content immediately.<\/p>\n","protected":false},"excerpt":{"rendered":"<p>Legal information According to \u00a7 5 TMG exTerra Arch\u00e4ologie Happe &amp; Gla\u00df GbR N\u00fcrnberger Str. 25 90762 F\u00fcrth Represented by Johannes Happe Contact Telephone: 015752601424 E-Mail: happe@exterra.by Tax ID Sales tax identification number according to \u00a727 a sales tax law: DE341815734 Information on professional liability insurance Name and registered office [&hellip;]<\/p>\n","protected":false},"author":4,"featured_media":281,"parent":0,"menu_order":0,"comment_status":"closed","ping_status":"closed","template":"","meta":[],"_links":{"self":[{"href":"http:\/\/217.91.10.2\/wordpress\/wp-json\/wp\/v2\/pages\/382"}],"collection":[{"href":"http:\/\/217.91.10.2\/wordpress\/wp-json\/wp\/v2\/pages"}],"about":[{"href":"http:\/\/217.91.10.2\/wordpress\/wp-json\/wp\/v2\/types\/page"}],"author":[{"embeddable":true,"href":"http:\/\/217.91.10.2\/wordpress\/wp-json\/wp\/v2\/users\/4"}],"replies":[{"embeddable":true,"href":"http:\/\/217.91.10.2\/wordpress\/wp-json\/wp\/v2\/comments?post=382"}],"version-history":[{"count":3,"href":"http:\/\/217.91.10.2\/wordpress\/wp-json\/wp\/v2\/pages\/382\/revisions"}],"predecessor-version":[{"id":908,"href":"http:\/\/217.91.10.2\/wordpress\/wp-json\/wp\/v2\/pages\/382\/revisions\/908"}],"wp:featuredmedia":[{"embeddable":true,"href":"http:\/\/217.91.10.2\/wordpress\/wp-json\/wp\/v2\/media\/281"}],"wp:attachment":[{"href":"http:\/\/217.91.10.2\/wordpress\/wp-json\/wp\/v2\/media?parent=382"}],"curies":[{"name":"wp","href":"https:\/\/api.w.org\/{rel}","templated":true}]}}